{"id":52,"date":"2020-06-03T19:33:07","date_gmt":"2020-06-03T16:33:07","guid":{"rendered":"http:\/\/www.daymuhendislik.com\/sikca-sorulan-sorular\/"},"modified":"2022-04-28T16:00:11","modified_gmt":"2022-04-28T13:00:11","slug":"sikca-sorulan-sorular","status":"publish","type":"page","link":"https:\/\/www.daymuhendislik.com\/index.php\/sikca-sorulan-sorular\/","title":{"rendered":"S\u0131k\u00e7a Sorulan Sorular"},"content":{"rendered":"\n<p>Bu sayfada\u00a0<strong>DAY M\u00fchendislik <\/strong>ve \u00fcr\u00fcnlerimiz hakk\u0131ndaki sorulara cevap bulabilirsiniz. Diledi\u011finiz soruyu bize iletin cevapland\u0131ral\u0131m. <\/p>\n\n\n\n<div class=\"wp-block-safirtema-sorucevap safir-faq\"><div class=\"question\"><div class=\"safiricon icon\"><svg class=\"safiricon-soru\"><use href=\"#safiricon-soru\"><\/use><\/svg><\/div><span class=\"text\">Neden DAY M\u00fchendislik?<\/span><div class=\"openclose plus\"><\/div><\/div><p class=\"answer\">\u0130\u015fimizi tutkuyla yapt\u0131\u011f\u0131m\u0131z i\u00e7in sekt\u00f6r\u00fcm\u00fczde lider \u00e7al\u0131\u015fmalara imza at\u0131yoruz.\u00a0Tecr\u00fcbemizle gelen ba\u015far\u0131ya, ya\u015fam boyu \u00f6\u011frenme ve geli\u015fmeye inanarak, kendimizi ve i\u015fimizi s\u00fcrekli geli\u015ftiriyoruz. Hizmet verdi\u011fimiz sekt\u00f6rlerdeki yenilikleri ve insan kaynaklar\u0131 d\u00fcnyas\u0131ndaki geli\u015fmeleri s\u00fcrekli takip ediyor, i\u015f yakla\u015f\u0131m\u0131m\u0131z\u0131 bunlara uygun \u015fekilde tazeliyoruz. Ekibimizin giri\u015fimci ruhu sayesinde de\u011fi\u015fimi do\u011fru y\u00f6netiyoruz. Kurumsal ihtiya\u00e7lar\u0131n da bireysel beklentilerin de insan fakt\u00f6r\u00fcyle yak\u0131ndan ilgili oldu\u011funu \u00e7ok iyi biliyoruz.<\/p><\/div>\n\n\n\n<div class=\"wp-block-safirtema-sorucevap safir-faq\"><div class=\"question\"><div class=\"safiricon icon\"><svg class=\"safiricon-soru\"><use href=\"#safiricon-soru\"><\/use><\/svg><\/div><span class=\"text\">Neden sizden \u00fcr\u00fcn almal\u0131y\u0131m?<\/span><div class=\"openclose plus\"><\/div><\/div><p class=\"answer\">\u00c7\u00fcnk\u00fc biz daha kaliteliyiz. G\u00fcc\u00fcm\u00fcz kalitedeki istikrar\u0131m\u0131zd\u0131r.  \u00c7\u00fcnk\u00fc her karar\u0131m\u0131zda \u201cm\u00fc\u015fterilerimizi merkeze\u201d koyar\u0131z ve \u00f6nce m\u00fc\u015fterimiz kazan\u0131rsa sonra bizim kazanaca\u011f\u0131m\u0131z\u0131 biliriz.  Her t\u00fcrl\u00fc ticari aksiyona k\u0131sa vadeli de\u011fil uzun vadeli bakt\u0131\u011f\u0131m\u0131z i\u00e7in tercih sebebiyiz.  Finansman g\u00fcc\u00fcm\u00fcz var, her zaman her ko\u015fulda uygulamalar\u0131m\u0131zdaki \u00f6zg\u00fcnl\u00fcklerle m\u00fc\u015fterilerimizin yan\u0131nday\u0131z. Kurumsal olarak her ge\u00e7en g\u00fcn daha iyiye gidiyoruz.<\/p><\/div>\n\n\n\n<div class=\"wp-block-safirtema-sorucevap safir-faq\"><div class=\"question\"><div class=\"safiricon icon\"><svg class=\"safiricon-soru\"><use href=\"#safiricon-soru\"><\/use><\/svg><\/div><span class=\"text\">\u00dcr\u00fcnlerinizi nas\u0131l temin edebilirim?<\/span><div class=\"openclose plus\"><\/div><\/div><p class=\"answer\">Online market sistemimizden kolayl\u0131kla 7\/24 saat \u00fcr\u00fcnlerimizi alabilirsiniz?<\/p><\/div>\n\n\n\n<div class=\"wp-block-safirtema-sorucevap safir-faq\"><div class=\"question\"><div class=\"safiricon icon\"><svg class=\"safiricon-soru\"><use href=\"#safiricon-soru\"><\/use><\/svg><\/div><span class=\"text\">Kargo s\u00fcresi nedir?<\/span><div class=\"openclose plus\"><\/div><\/div><p class=\"answer\">\u00dcr\u00fcnlerin durumuna g\u00f6re 2-3 i\u015f g\u00fcn\u00fcn\u00fc bulabilir.<\/p><\/div>\n\n\n\n<div class=\"wp-block-safirtema-sorucevap safir-faq\"><div class=\"question\"><div class=\"safiricon icon\"><svg class=\"safiricon-soru\"><use href=\"#safiricon-soru\"><\/use><\/svg><\/div><span class=\"text\">Sadece online \u00fcr\u00fcnler mi var?<\/span><div class=\"openclose plus\"><\/div><\/div><p class=\"answer\">Hay\u0131r, yapaca\u011f\u0131m\u0131z toplant\u0131lar ile proje teklifleri sayesinde iste\u011finize uygun \u00e7al\u0131\u015fmalar da talep edebilirsiniz?<\/p><\/div>\n\n\n\n<div class=\"wp-block-safirtema-sorucevap safir-faq\"><div class=\"question\"><div class=\"safiricon icon\"><svg class=\"safiricon-soru\"><use href=\"#safiricon-soru\"><\/use><\/svg><\/div><span class=\"text\">\u00dcr\u00fcn bozuk\/hasarl\u0131 vs. gelirse ne yapmal\u0131y\u0131m?<\/span><div class=\"openclose plus\"><\/div><\/div><p class=\"answer\">Kargo teslimi s\u0131ras\u0131nda gelen \u00fcr\u00fcn\u00fc kontrol ettikten sonra herhangi bir kusur g\u00f6rmeniz durumunda tutanak tutturup taraf\u0131m\u0131za bilgi vermeniz gerekmektedir. <\/p><\/div>\n","protected":false},"excerpt":{"rendered":"<p>Bu sayfada\u00a0DAY M\u00fchendislik ve \u00fcr\u00fcnlerimiz hakk\u0131ndaki sorulara cevap bulabilirsiniz. Diledi\u011finiz soruyu bize iletin cevapland\u0131ral\u0131m.<\/p>\n","protected":false},"author":1,"featured_media":0,"parent":0,"menu_order":0,"comment_status":"closed","ping_status":"closed","template":"","meta":{"footnotes":""},"aioseo_notices":[],"_links":{"self":[{"href":"https:\/\/www.daymuhendislik.com\/index.php\/wp-json\/wp\/v2\/pages\/52"}],"collection":[{"href":"https:\/\/www.daymuhendislik.com\/index.php\/wp-json\/wp\/v2\/pages"}],"about":[{"href":"https:\/\/www.daymuhendislik.com\/index.php\/wp-json\/wp\/v2\/types\/page"}],"author":[{"embeddable":true,"href":"https:\/\/www.daymuhendislik.com\/index.php\/wp-json\/wp\/v2\/users\/1"}],"replies":[{"embeddable":true,"href":"https:\/\/www.daymuhendislik.com\/index.php\/wp-json\/wp\/v2\/comments?post=52"}],"version-history":[{"count":2,"href":"https:\/\/www.daymuhendislik.com\/index.php\/wp-json\/wp\/v2\/pages\/52\/revisions"}],"predecessor-version":[{"id":398,"href":"https:\/\/www.daymuhendislik.com\/index.php\/wp-json\/wp\/v2\/pages\/52\/revisions\/398"}],"wp:attachment":[{"href":"https:\/\/www.daymuhendislik.com\/index.php\/wp-json\/wp\/v2\/media?parent=52"}],"curies":[{"name":"wp","href":"https:\/\/api.w.org\/{rel}","templated":true}]}}