{"id":82,"date":"2020-06-03T20:55:10","date_gmt":"2020-06-03T17:55:10","guid":{"rendered":"http:\/\/www.daymuhendislik.com\/hakkimizda\/"},"modified":"2022-04-28T16:11:24","modified_gmt":"2022-04-28T13:11:24","slug":"hakkimizda","status":"publish","type":"page","link":"https:\/\/www.daymuhendislik.com\/index.php\/hakkimizda\/","title":{"rendered":"Hakk\u0131m\u0131zda"},"content":{"rendered":"\n<p>\u00a0\u0130stanbul\u2019da kurulmu\u015f olan \u015firketimiz iklimlendirme ve so\u011futma sistemleri konusunda \u00fclkemizin en b\u00fcy\u00fck sekt\u00f6r\u00fc olan enerji sekt\u00f6r\u00fcnde e\u015f zamanl\u0131 olarak kendini geli\u015ftirmi\u015ftir. Uzman ekip ve kadrosuyla m\u00fchendisli\u011fin getirdi\u011fi gereksinimler do\u011frultusunda projelendirme, devreye alma ve teslim konular\u0131nda uzmanla\u015fm\u0131\u015ft\u0131r. Bunun yan\u0131nda de\u011ferli m\u00fc\u015fterilerine enerji verimlili\u011fi konusunda da hizmet vermektedir. <\/p>\n\n\n\n<p>Profesyonel yakla\u015f\u0131m ile olu\u015fturdu\u011fumuz gen\u00e7 ve dinamik kadromuz ile, m\u00fc\u015fterilerimize verdi\u011fimiz de\u011fer ve hedeflerimiz do\u011frultusunda sekt\u00f6rde \u00f6nc\u00fc firma \u00a0olma yolunda emin ad\u0131mlarla ilerliyoruz.<\/p>\n\n\n\n<p> Hizmetlerimiz firmam\u0131z\u0131n kalite politikas\u0131 sorumlulu\u011fu alt\u0131nda kanunlara ve \u015fartnamelere uygun, verimli, ekonomik, fonksiyonel ve \u00e7evreye duyarl\u0131 projelerle teslim edilmesi ana ilkemizdir.<\/p>\n\n\n\n<p>Tamamlanan ve devam eden projelerimiz teknik bilgi ve hizmet kalitesi a\u00e7\u0131s\u0131ndan DAY M\u00fchendisli\u011fi rakiplerinden daha ileriye ta\u015f\u0131maktad\u0131r.<\/p>\n\n\n\n<div class=\"wp-block-columns is-layout-flex wp-container-core-columns-is-layout-1 wp-block-columns-is-layout-flex\">\n<div class=\"wp-block-column is-layout-flow wp-block-column-is-layout-flow\">\n<div class=\"wp-block-safirtema-mainheading singleHeading mainHeading\"><div class=\"inner\"><div class=\"icon safiricon\"><svg class=\"safiricon-lamba\"><use href=\"#safiricon-lamba\"><\/use><\/svg><\/div><div class=\"text\">Misyonumuz<\/div><\/div><\/div>\n\n\n\n<p>\u0130nsanlar\u0131 her zaman ve her alanda en iyi konforu sa\u011flamak i\u00e7in enerji sekt\u00f6r\u00fcnde imkans\u0131z gibi g\u00f6r\u00fcnen projelere imza atmak. <\/p>\n<\/div>\n\n\n\n<div class=\"wp-block-column is-layout-flow wp-block-column-is-layout-flow\">\n<div class=\"wp-block-safirtema-mainheading singleHeading mainHeading\"><div class=\"inner\"><div class=\"icon safiricon\"><svg class=\"safiricon-anlasma\"><use href=\"#safiricon-anlasma\"><\/use><\/svg><\/div><div class=\"text\">Vizyonumuz<\/div><\/div><\/div>\n\n\n\n<p>M\u00fc\u015fteri memnuniyetini en \u00fcst seviyede tutarak  <strong>DAY m\u00fchendisli\u011fin<\/strong> olmad\u0131\u011f\u0131 bir enerji sekt\u00f6r\u00fcn\u00fcn var olmayaca\u011f\u0131n\u0131 hissettirmek.<\/p>\n<\/div>\n<\/div>\n","protected":false},"excerpt":{"rendered":"<p>\u00a0\u0130stanbul\u2019da kurulmu\u015f olan \u015firketimiz iklimlendirme ve so\u011futma sistemleri konusunda \u00fclkemizin en b\u00fcy\u00fck sekt\u00f6r\u00fc olan enerji sekt\u00f6r\u00fcnde e\u015f zamanl\u0131 olarak kendini geli\u015ftirmi\u015ftir. Uzman ekip ve kadrosuyla m\u00fchendisli\u011fin getirdi\u011fi gereksinimler do\u011frultusunda projelendirme, devreye alma ve teslim konular\u0131nda uzmanla\u015fm\u0131\u015ft\u0131r. Bunun yan\u0131nda de\u011ferli m\u00fc\u015fterilerine enerji verimlili\u011fi konusunda da hizmet vermektedir. Profesyonel yakla\u015f\u0131m ile olu\u015fturdu\u011fumuz gen\u00e7 ve dinamik kadromuz ile, [&hellip;]<\/p>\n","protected":false},"author":1,"featured_media":0,"parent":0,"menu_order":0,"comment_status":"closed","ping_status":"closed","template":"","meta":{"footnotes":""},"aioseo_notices":[],"_links":{"self":[{"href":"https:\/\/www.daymuhendislik.com\/index.php\/wp-json\/wp\/v2\/pages\/82"}],"collection":[{"href":"https:\/\/www.daymuhendislik.com\/index.php\/wp-json\/wp\/v2\/pages"}],"about":[{"href":"https:\/\/www.daymuhendislik.com\/index.php\/wp-json\/wp\/v2\/types\/page"}],"author":[{"embeddable":true,"href":"https:\/\/www.daymuhendislik.com\/index.php\/wp-json\/wp\/v2\/users\/1"}],"replies":[{"embeddable":true,"href":"https:\/\/www.daymuhendislik.com\/index.php\/wp-json\/wp\/v2\/comments?post=82"}],"version-history":[{"count":7,"href":"https:\/\/www.daymuhendislik.com\/index.php\/wp-json\/wp\/v2\/pages\/82\/revisions"}],"predecessor-version":[{"id":404,"href":"https:\/\/www.daymuhendislik.com\/index.php\/wp-json\/wp\/v2\/pages\/82\/revisions\/404"}],"wp:attachment":[{"href":"https:\/\/www.daymuhendislik.com\/index.php\/wp-json\/wp\/v2\/media?parent=82"}],"curies":[{"name":"wp","href":"https:\/\/api.w.org\/{rel}","templated":true}]}}